{"id":346,"date":"2016-03-15T14:13:26","date_gmt":"2016-03-15T14:13:26","guid":{"rendered":"https:\/\/www.portesararat.com\/?page_id=346"},"modified":"2023-03-13T19:29:47","modified_gmt":"2023-03-13T19:29:47","slug":"pass-through-door","status":"publish","type":"page","link":"https:\/\/www.portesararat.com\/en\/pass-through-door\/","title":{"rendered":"PASS THROUGH DOOR"},"content":{"rendered":"<p>[et_pb_section fb_built=&#8221;1&#8243; disabled_on=&#8221;off|off|off&#8221; admin_label=&#8221;Header Section&#8221; _builder_version=&#8221;4.16&#8243; use_background_color_gradient=&#8221;on&#8221; background_color_gradient_stops=&#8221;rgba(0,92,141,0.73) 0%|rgba(0,92,141,0.97) 100%&#8221; background_color_gradient_start=&#8221;rgba(0,92,141,0.73)&#8221; background_color_gradient_end=&#8221;rgba(0,92,141,0.97)&#8221; background_image=&#8221;https:\/\/www.portesararat.com\/wp-content\/uploads\/2016\/04\/porte-passage-dans-porte-de-garage-montreal.jpg&#8221; parallax=&#8221;on&#8221; parallax_method=&#8221;off&#8221; custom_margin=&#8221;|||&#8221; custom_padding=&#8221;6vw|0px|9vw|0px|false|false&#8221; bottom_divider_style=&#8221;mountains2&#8243; bottom_divider_color=&#8221;#ffffff&#8221; bottom_divider_height=&#8221;9vw&#8221; animation_style=&#8221;slide&#8221; animation_direction=&#8221;top&#8221; animation_intensity_slide=&#8221;3%&#8221; animation_starting_opacity=&#8221;100%&#8221; background_last_edited=&#8221;on|desktop&#8221; parallax_tablet=&#8221;off&#8221; parallax_phone=&#8221;off&#8221; locked=&#8221;off&#8221; global_colors_info=&#8221;{}&#8221;][et_pb_row disabled_on=&#8221;off|off|off&#8221; module_class=&#8221; et_pb_row_fullwidth&#8221; _builder_version=&#8221;4.16&#8243; width=&#8221;89%&#8221; width_tablet=&#8221;80%&#8221; width_phone=&#8221;&#8221; width_last_edited=&#8221;on|desktop&#8221; max_width=&#8221;89%&#8221; max_width_tablet=&#8221;80%&#8221; max_width_phone=&#8221;&#8221; max_width_last_edited=&#8221;on|desktop&#8221; custom_padding=&#8221;|||&#8221; make_fullwidth=&#8221;on&#8221; global_colors_info=&#8221;{}&#8221;][et_pb_column type=&#8221;4_4&#8243; _builder_version=&#8221;4.16&#8243; custom_padding=&#8221;|||&#8221; global_colors_info=&#8221;{}&#8221; custom_padding__hover=&#8221;|||&#8221;][et_pb_text disabled_on=&#8221;off|off|off&#8221; _builder_version=&#8221;4.16&#8243; text_font=&#8221;Montserrat||||||||&#8221; text_font_size=&#8221;22px&#8221; text_line_height=&#8221;1.8em&#8221; header_font=&#8221;Montserrat|600||on|||||&#8221; header_text_align=&#8221;center&#8221; header_font_size=&#8221;3vw&#8221; header_line_height=&#8221;1.5em&#8221; text_orientation=&#8221;center&#8221; background_layout=&#8221;dark&#8221; custom_margin=&#8221;|||&#8221; header_font_size_tablet=&#8221;31px&#8221; header_font_size_phone=&#8221;22px&#8221; header_font_size_last_edited=&#8221;on|phone&#8221; header_line_height_tablet=&#8221;1.1em&#8221; header_line_height_phone=&#8221;1.2em&#8221; header_line_height_last_edited=&#8221;off|desktop&#8221; global_colors_info=&#8221;{}&#8221;]<\/p>\n<h1>EXPERT EN PORTE PASSAGE<\/h1>\n<p>[\/et_pb_text][\/et_pb_column][\/et_pb_row][\/et_pb_section][et_pb_section fb_built=&#8221;1&#8243; use_custom_gutter=&#8221;on&#8221; custom_padding_last_edited=&#8221;on|desktop&#8221; padding_top_1=&#8221;0px&#8221; padding_top_2=&#8221;80px&#8221; padding_right_2=&#8221;10%&#8221; padding_bottom_2=&#8221;0px&#8221; padding_2_tablet=&#8221;0px|||10%&#8221; padding_2_phone=&#8221;|||&#8221; _builder_version=&#8221;4.16&#8243; background_color_gradient_direction=&#8221;90deg&#8221; custom_margin=&#8221;|||&#8221; custom_margin_tablet=&#8221;80px|80px|80px|80px&#8221; custom_margin_last_edited=&#8221;off|desktop&#8221; custom_padding=&#8221;120px|0px|120px|0px&#8221; custom_padding_tablet=&#8221;&#8221; custom_padding_phone=&#8221;0px||||false|false&#8221; animation_style=&#8221;slide&#8221; animation_direction=&#8221;left&#8221; animation_intensity_slide=&#8221;1%&#8221; use_custom_width=&#8221;on&#8221; width_unit=&#8221;off&#8221; custom_width_percent=&#8221;100%&#8221; global_colors_info=&#8221;{}&#8221;][et_pb_row column_structure=&#8221;1_2,1_2&#8243; _builder_version=&#8221;4.16&#8243; width=&#8221;100%&#8221; max_width=&#8221;100%&#8221; custom_padding=&#8221;27px|0|0px|0px&#8221; use_custom_width=&#8221;on&#8221; width_unit=&#8221;off&#8221; custom_width_percent=&#8221;100%&#8221; global_colors_info=&#8221;{}&#8221;][et_pb_column type=&#8221;1_2&#8243; _builder_version=&#8221;4.16&#8243; custom_padding=&#8221;|||&#8221; global_colors_info=&#8221;{}&#8221; custom_padding__hover=&#8221;|||&#8221;][et_pb_image src=&#8221;https:\/\/www.portesararat.com\/wp-content\/uploads\/2019\/07\/porte-passage-dans-porte-garage-montrea2l.jpg&#8221; show_bottom_space=&#8221;off&#8221; force_fullwidth=&#8221;on&#8221; align_tablet=&#8221;center&#8221; align_phone=&#8221;&#8221; align_last_edited=&#8221;on|desktop&#8221; _builder_version=&#8221;4.16&#8243; custom_margin=&#8221;|||&#8221; custom_margin_tablet=&#8221;|60px||60px&#8221; custom_margin_phone=&#8221;100px|||&#8221; custom_margin_last_edited=&#8221;on|tablet&#8221; custom_padding=&#8221;|||&#8221; box_shadow_style=&#8221;preset4&#8243; box_shadow_horizontal=&#8221;-80px&#8221; box_shadow_vertical=&#8221;-80px&#8221; box_shadow_color=&#8221;#f5f9fe&#8221; locked=&#8221;off&#8221; global_colors_info=&#8221;{}&#8221;][\/et_pb_image][\/et_pb_column][et_pb_column type=&#8221;1_2&#8243; _builder_version=&#8221;4.16&#8243; custom_padding=&#8221;0px|10%|||false|false&#8221; custom_padding_tablet=&#8221;|||10%&#8221; custom_padding_phone=&#8221;&#8221; custom_padding_last_edited=&#8221;on|phone&#8221; global_colors_info=&#8221;{}&#8221; custom_padding__hover=&#8221;|||&#8221;][et_pb_text admin_label=&#8221;Title&#8221; _builder_version=&#8221;4.16&#8243; text_font=&#8221;||||||||&#8221; header_font=&#8221;||||||||&#8221; header_2_font=&#8221;Montserrat||||||||&#8221; header_2_font_size=&#8221;40px&#8221; header_2_line_height=&#8221;1.5em&#8221; custom_padding=&#8221;|||&#8221; header_2_font_size_tablet=&#8221;35px&#8221; header_2_font_size_phone=&#8221;35px&#8221; header_2_font_size_last_edited=&#8221;on|phone&#8221; header_2_line_height_tablet=&#8221;1em&#8221; header_2_line_height_phone=&#8221;1.4em&#8221; header_2_line_height_last_edited=&#8221;off|desktop&#8221; locked=&#8221;off&#8221; global_colors_info=&#8221;{}&#8221;]<\/p>\n<h2>Leadership dans l&#8217;industrie<\/h2>\n<p>[\/et_pb_text][et_pb_text admin_label=&#8221;Paragraph&#8221; _builder_version=&#8221;4.20.2&#8243; text_font=&#8221;Montserrat||||||||&#8221; text_font_size=&#8221;15px&#8221; text_line_height=&#8221;2.2em&#8221; header_font=&#8221;||||||||&#8221; custom_margin=&#8221;|||&#8221; hover_enabled=&#8221;0&#8243; locked=&#8221;off&#8221; global_colors_info=&#8221;{}&#8221; sticky_enabled=&#8221;0&#8243;]<\/p>\n<p style=\"text-align: justify;\"><span>Mise \u00e0 part notre expertise dans le domaine des portes de garage, nous sommes sp\u00e9cialis\u00e9s dans un aspect tr\u00e8s particulier dans notre domaine.<\/span><\/p>\n<p>[\/et_pb_text][et_pb_text admin_label=&#8221;Paragraph&#8221; _builder_version=&#8221;4.16&#8243; text_font=&#8221;Montserrat||||||||&#8221; text_font_size=&#8221;15px&#8221; text_line_height=&#8221;2.2em&#8221; header_font=&#8221;||||||||&#8221; custom_margin=&#8221;|||&#8221; locked=&#8221;off&#8221; global_colors_info=&#8221;{}&#8221;]<\/p>\n<p style=\"text-align: justify;\"><span>Une porte passage facilitera grandement l&#8217;acc\u00e8s \u00e0 votre garage. Elle peut \u00eatre install\u00e9e sur une porte existante ou sur une nouvelle porte de garage.\u00a0 C&#8217;est une \u00e9<\/span>conomie en frais de chauffage, cela facilite l&#8217;entr\u00e9e dans le garage, c&#8217;est tr\u00e8s s\u00e9curitaire, et cela facilite plusieurs t\u00e2ches quotidiennes<\/p>\n<p>[\/et_pb_text][et_pb_text admin_label=&#8221;Paragraph&#8221; _builder_version=&#8221;4.16&#8243; text_font=&#8221;Montserrat||||||||&#8221; text_font_size=&#8221;15px&#8221; text_line_height=&#8221;2.2em&#8221; header_font=&#8221;||||||||&#8221; custom_margin=&#8221;|||&#8221; locked=&#8221;off&#8221; global_colors_info=&#8221;{}&#8221;]<\/p>\n<p style=\"text-align: justify;\">Porte de Passage &#8211; Les Portes Ararat Munies de syst\u00e8mes de s\u00e9curit\u00e9 ing\u00e9nieux, nos portes vous en donnent plus. De fa\u00e7on g\u00e9n\u00e9rale, une porte passage pour une porte de garage s&#8217;\u00e9tend sur 4 panneaux. Chez Les Portes Ararat, nous utilisons un syst\u00e8me particulier qui assure que les 4 panneaux qui composent nos portes passages sont tenus ensemble solidement et s&#8217;adh\u00e8rent avec la porte de garage. La solidit\u00e9 de votre porte passage est assurer.<\/p>\n<p>[\/et_pb_text][et_pb_blurb title=&#8221;S\u00e9curit\u00e9&#8221; use_icon=&#8221;on&#8221; font_icon=&#8221;&#xe0d9;||divi||400&#8243; icon_color=&#8221;#005c8d&#8221; icon_placement=&#8221;left&#8221; image_icon_width=&#8221;31px&#8221; content_max_width=&#8221;100%&#8221; admin_label=&#8221;Service&#8221; _builder_version=&#8221;4.16&#8243; header_font=&#8221;Montserrat||||||||&#8221; header_text_color=&#8221;#005c8d&#8221; header_font_size=&#8221;32px&#8221; body_text_color=&#8221;#000000&#8243; custom_margin=&#8221;||20px|||&#8221; custom_padding=&#8221;|||&#8221; custom_padding_tablet=&#8221;||20px|&#8221; custom_padding_phone=&#8221;|||&#8221; custom_padding_last_edited=&#8221;off|desktop&#8221; icon_font_size=&#8221;31px&#8221; locked=&#8221;off&#8221; global_colors_info=&#8221;{}&#8221;]<\/p>\n<p style=\"text-align: justify;\">De plus, si vous utilisez un ouvre-porte de garage, nous installons \u00e9galement un syst\u00e8me de s\u00e9curit\u00e9 suppl\u00e9mentaire; le coupe-courant. Ce syst\u00e8me assure que l&#8217;ouvre-porte de garage automatique ne pourra pas \u00eatre fonctionnel lorsque votre porte \u00e0 passage est ouverte. Imaginez les dommages, autant \u00e0 votre porte qu&#8217;\u00e0 votre maison, qui pourraient \u00eatre fait sans cet appareil.<\/p>\n<p>[\/et_pb_blurb][et_pb_blurb title=&#8221;Options&#8221; use_icon=&#8221;on&#8221; font_icon=&#8221;&#xe056;||divi||400&#8243; icon_color=&#8221;#005c8d&#8221; icon_placement=&#8221;left&#8221; image_icon_width=&#8221;31px&#8221; content_max_width=&#8221;100%&#8221; admin_label=&#8221;Service&#8221; _builder_version=&#8221;4.16&#8243; header_font=&#8221;Montserrat||||||||&#8221; header_text_color=&#8221;#005c8d&#8221; header_font_size=&#8221;32px&#8221; body_text_color=&#8221;#000000&#8243; custom_margin=&#8221;||24px|||&#8221; custom_padding=&#8221;|||&#8221; custom_padding_tablet=&#8221;||20px|&#8221; custom_padding_phone=&#8221;|||&#8221; custom_padding_last_edited=&#8221;off|desktop&#8221; icon_font_size=&#8221;31px&#8221; locked=&#8221;off&#8221; global_colors_info=&#8221;{}&#8221;]<\/p>\n<p style=\"text-align: justify;\"><span>Nous installons dans toutes nos portes passages, les \u00e9l\u00e9ments suivants: 12 Pentures #1 suppl\u00e9mentaires, une poign\u00e9e bec de canne, une serrure, une cha\u00eene de s\u00e9curit\u00e9 et des coupe-froids. Il va de soi que vous avez la libert\u00e9 d&#8217;ajouter des options suppl\u00e9mentaires \u00e0 votre porte. Par exemple : fen\u00eatres thermos, barre de panique, ferme-porte hydraulique, \u0153il magique, coupe-courant.<\/span><\/p>\n<p>[\/et_pb_blurb][et_pb_blurb title=&#8221;Mat\u00e9riaux&#8221; use_icon=&#8221;on&#8221; font_icon=&#8221;&#xe0d4;||divi||400&#8243; icon_color=&#8221;#005c8d&#8221; icon_placement=&#8221;left&#8221; image_icon_width=&#8221;31px&#8221; content_max_width=&#8221;100%&#8221; admin_label=&#8221;Service&#8221; _builder_version=&#8221;4.16&#8243; header_font=&#8221;Montserrat||||||||&#8221; header_text_color=&#8221;#005c8d&#8221; header_font_size=&#8221;32px&#8221; body_text_color=&#8221;#000000&#8243; custom_padding=&#8221;|||&#8221; custom_padding_tablet=&#8221;||20px|&#8221; custom_padding_phone=&#8221;|||&#8221; custom_padding_last_edited=&#8221;off|desktop&#8221; icon_font_size=&#8221;31px&#8221; locked=&#8221;off&#8221; global_colors_info=&#8221;{}&#8221;]<\/p>\n<p style=\"text-align: justify;\"><span>Nous fabriquons des portes \u00e0 passages dans les portes de garage, aluminium ou en acier. L&#8217;\u00e9paisseur de la porte doit \u00eatre d&#8217;un pouce et trois-quarts (1&#8221; \u00be).<\/span><\/p>\n<p>[\/et_pb_blurb][\/et_pb_column][\/et_pb_row][\/et_pb_section][et_pb_section fb_built=&#8221;1&#8243; admin_label=&#8221;VIdeo Section&#8221; _builder_version=&#8221;4.16&#8243; custom_padding=&#8221;0px|0px|0px|0px&#8221; box_shadow_style=&#8221;preset3&#8243; box_shadow_horizontal=&#8221;40px&#8221; box_shadow_vertical=&#8221;40px&#8221; box_shadow_blur=&#8221;120px&#8221; box_shadow_spread=&#8221;-24px&#8221; box_shadow_color=&#8221;rgba(67,96,124,0.5)&#8221; global_colors_info=&#8221;{}&#8221;][et_pb_row use_custom_gutter=&#8221;on&#8221; gutter_width=&#8221;1&#8243; module_class=&#8221; et_pb_row_fullwidth&#8221; _builder_version=&#8221;4.16&#8243; width=&#8221;100%&#8221; width_tablet=&#8221;100%&#8221; width_phone=&#8221;&#8221; width_last_edited=&#8221;on|desktop&#8221; max_width=&#8221;100%&#8221; max_width_tablet=&#8221;100%&#8221; max_width_phone=&#8221;&#8221; max_width_last_edited=&#8221;on|desktop&#8221; module_alignment=&#8221;center&#8221; custom_margin=&#8221;|||&#8221; custom_padding=&#8221;0px|0px|0px|0px&#8221; make_fullwidth=&#8221;on&#8221; global_colors_info=&#8221;{}&#8221;][et_pb_column type=&#8221;4_4&#8243; _builder_version=&#8221;4.16&#8243; custom_padding=&#8221;|||&#8221; global_colors_info=&#8221;{}&#8221; custom_padding__hover=&#8221;|||&#8221;][et_pb_video src=&#8221;https:\/\/youtu.be\/mXxc5ObNxDU&#8221; image_src=&#8221;https:\/\/www.portesararat.com\/wp-content\/uploads\/2019\/07\/fabrication-porte-passage-montreal.jpg&#8221; thumbnail_overlay_color=&#8221;rgba(0,0,0,0.6)&#8221; _builder_version=&#8221;4.16&#8243; global_colors_info=&#8221;{}&#8221;][\/et_pb_video][\/et_pb_column][\/et_pb_row][\/et_pb_section][et_pb_section fb_built=&#8221;1&#8243; admin_label=&#8221;Members Section&#8221; _builder_version=&#8221;4.16&#8243; background_color=&#8221;#f2f6f9&#8243; custom_padding=&#8221;35px|0px|35px|0px|true|false&#8221; global_colors_info=&#8221;{}&#8221;][et_pb_row column_structure=&#8221;1_2,1_2&#8243; admin_label=&#8221;Members Row&#8221; _builder_version=&#8221;4.16&#8243; custom_padding=&#8221;|||&#8221; global_colors_info=&#8221;{}&#8221;][et_pb_column type=&#8221;1_2&#8243; _builder_version=&#8221;4.16&#8243; custom_padding=&#8221;|||&#8221; global_colors_info=&#8221;{}&#8221; custom_padding__hover=&#8221;|||&#8221;][et_pb_image src=&#8221;https:\/\/www.portesararat.com\/wp-content\/uploads\/2016\/03\/porte-passage-5.jpg&#8221; show_in_lightbox=&#8221;on&#8221; _builder_version=&#8221;4.16&#8243; global_colors_info=&#8221;{}&#8221;][\/et_pb_image][et_pb_image src=&#8221;https:\/\/www.portesararat.com\/wp-content\/uploads\/2016\/03\/porte-passage-3.jpg&#8221; show_in_lightbox=&#8221;on&#8221; _builder_version=&#8221;4.16&#8243; global_colors_info=&#8221;{}&#8221;][\/et_pb_image][\/et_pb_column][et_pb_column type=&#8221;1_2&#8243; _builder_version=&#8221;4.16&#8243; custom_padding=&#8221;|||&#8221; global_colors_info=&#8221;{}&#8221; custom_padding__hover=&#8221;|||&#8221;][et_pb_image src=&#8221;https:\/\/www.portesararat.com\/wp-content\/uploads\/2016\/03\/porte-passage-4.jpg&#8221; show_in_lightbox=&#8221;on&#8221; _builder_version=&#8221;4.16&#8243; global_colors_info=&#8221;{}&#8221;][\/et_pb_image][et_pb_image src=&#8221;https:\/\/www.portesararat.com\/wp-content\/uploads\/2016\/03\/porte-passage-1.jpg&#8221; show_in_lightbox=&#8221;on&#8221; _builder_version=&#8221;4.16&#8243; global_colors_info=&#8221;{}&#8221;][\/et_pb_image][\/et_pb_column][\/et_pb_row][et_pb_row _builder_version=&#8221;4.16&#8243; global_colors_info=&#8221;{}&#8221;][et_pb_column type=&#8221;4_4&#8243; _builder_version=&#8221;4.16&#8243; global_colors_info=&#8221;{}&#8221;][et_pb_image src=&#8221;https:\/\/www.portesararat.com\/wp-content\/uploads\/2016\/03\/porte-passage-2.jpg&#8221; show_in_lightbox=&#8221;on&#8221; _builder_version=&#8221;4.16&#8243; global_colors_info=&#8221;{}&#8221;][\/et_pb_image][\/et_pb_column][\/et_pb_row][\/et_pb_section][et_pb_section fb_built=&#8221;1&#8243; custom_padding_last_edited=&#8221;on|tablet&#8221; admin_label=&#8221;Testimonials&#8221; _builder_version=&#8221;4.16&#8243; custom_padding=&#8221;120px|0px|120px|0px|true|false&#8221; custom_padding_tablet=&#8221;49px||49px||true|false&#8221; custom_padding_phone=&#8221;&#8221; saved_tabs=&#8221;all&#8221; global_colors_info=&#8221;{}&#8221;][et_pb_row _builder_version=&#8221;4.16&#8243; custom_padding=&#8221;|||&#8221; border_color_bottom=&#8221;#e8e8e8&#8243; global_colors_info=&#8221;{}&#8221;][et_pb_column type=&#8221;4_4&#8243; _builder_version=&#8221;4.16&#8243; custom_padding=&#8221;|||&#8221; global_colors_info=&#8221;{}&#8221; custom_padding__hover=&#8221;|||&#8221;][et_pb_text admin_label=&#8221;Section Title&#8221; _builder_version=&#8221;4.20.2&#8243; text_font=&#8221;Montserrat||||||||&#8221; text_text_color=&#8221;#75848f&#8221; text_font_size=&#8221;18px&#8221; text_line_height=&#8221;1.8em&#8221; header_font=&#8221;||||||||&#8221; header_text_align=&#8221;center&#8221; header_line_height=&#8221;1.4em&#8221; header_2_font=&#8221;Montserrat||||||||&#8221; header_2_text_align=&#8221;center&#8221; header_2_font_size=&#8221;40px&#8221; header_2_line_height=&#8221;1.5em&#8221; text_orientation=&#8221;center&#8221; custom_margin=&#8221;|||&#8221; custom_padding=&#8221;|||&#8221; hover_enabled=&#8221;0&#8243; text_font_size_tablet=&#8221;16px&#8221; text_font_size_phone=&#8221;16px&#8221; text_font_size_last_edited=&#8221;on|desktop&#8221; header_2_font_size_tablet=&#8221;35px&#8221; header_2_font_size_phone=&#8221;35px&#8221; header_2_font_size_last_edited=&#8221;on|phone&#8221; global_colors_info=&#8221;{}&#8221; sticky_enabled=&#8221;0&#8243;]<\/p>\n<h2>Transformation avec une porte de passage<\/h2>\n<p style=\"text-align: center;\">L&#8217;ajout d&#8217;une porte passage comporte de nombreux avantages. Voyez la diff\u00e9rence apr\u00e8s l&#8217;ajout de la porte de passage dans votre porte de garage actuelle ou dans une toute nouvelle porte.\u00a0 Votre porte de garage\u00a0sera un atout indispensable.<\/p>\n<p>[\/et_pb_text][\/et_pb_column][\/et_pb_row][et_pb_row _builder_version=&#8221;4.16&#8243; global_colors_info=&#8221;{}&#8221;][et_pb_column type=&#8221;4_4&#8243; _builder_version=&#8221;4.16&#8243; global_colors_info=&#8221;{}&#8221;][et_pb_image src=&#8221;https:\/\/www.portesararat.com\/wp-content\/uploads\/2016\/03\/avant-apres-1-passage-integree-porte-de-grage-montreal.jpg&#8221; _builder_version=&#8221;4.16&#8243; global_colors_info=&#8221;{}&#8221;][\/et_pb_image][et_pb_image src=&#8221;https:\/\/www.portesararat.com\/wp-content\/uploads\/2016\/03\/avant-apres-2-passage-integree-porte-de-grage-montreal.jpg&#8221; _builder_version=&#8221;4.16&#8243; global_colors_info=&#8221;{}&#8221;][\/et_pb_image][et_pb_image src=&#8221;https:\/\/www.portesararat.com\/wp-content\/uploads\/2016\/03\/avant-apres-3-passage-integree-porte-de-grage-montreal.jpg&#8221; _builder_version=&#8221;4.16&#8243; global_colors_info=&#8221;{}&#8221;][\/et_pb_image][et_pb_image src=&#8221;https:\/\/www.portesararat.com\/wp-content\/uploads\/2016\/03\/avant-apres-4-passage-integree-porte-de-grage-montreal.jpg&#8221; _builder_version=&#8221;4.16&#8243; global_colors_info=&#8221;{}&#8221;][\/et_pb_image][\/et_pb_column][\/et_pb_row][\/et_pb_section][et_pb_section fb_built=&#8221;1&#8243; admin_label=&#8221;Footer Section&#8221; _builder_version=&#8221;4.16&#8243; use_background_color_gradient=&#8221;on&#8221; background_color_gradient_stops=&#8221;rgba(20,61,88,0.65) 0%|#143d58 100%&#8221; background_color_gradient_overlays_image=&#8221;on&#8221; background_color_gradient_start=&#8221;rgba(20,61,88,0.65)&#8221; background_color_gradient_end=&#8221;#143d58&#8243; background_image=&#8221;https:\/\/www.portesararat.com\/wp-content\/uploads\/2016\/03\/porte-passage-montreal-3-1.jpg&#8221; custom_margin=&#8221;|||&#8221; custom_padding=&#8221;8vw|0px|8vw|0px&#8221; bottom_divider_style=&#8221;mountains2&#8243; bottom_divider_color=&#8221;rgba(5,41,66,0.3)&#8221; bottom_divider_height=&#8221;50%&#8221; animation_direction=&#8221;bottom&#8221; saved_tabs=&#8221;all&#8221; locked=&#8221;off&#8221; global_colors_info=&#8221;{}&#8221;][et_pb_row admin_label=&#8221;Footer Row&#8221; _builder_version=&#8221;4.16&#8243; custom_padding=&#8221;|||&#8221; global_colors_info=&#8221;{}&#8221;][et_pb_column type=&#8221;4_4&#8243; _builder_version=&#8221;4.16&#8243; custom_padding=&#8221;|||&#8221; global_colors_info=&#8221;{}&#8221; custom_padding__hover=&#8221;|||&#8221;][et_pb_text admin_label=&#8221;Title&#8221; _builder_version=&#8221;4.16&#8243; text_font=&#8221;Montserrat||||||||&#8221; text_text_color=&#8221;#a4bccb&#8221; text_font_size=&#8221;20px&#8221; text_line_height=&#8221;1.5em&#8221; header_font=&#8221;||||||||&#8221; header_2_font=&#8221;Montserrat||||||||&#8221; header_2_text_align=&#8221;center&#8221; header_2_line_height=&#8221;1.5em&#8221; header_3_font=&#8221;Montserrat|500|||||||&#8221; header_3_text_align=&#8221;center&#8221; header_3_font_size=&#8221;55px&#8221; header_3_line_height=&#8221;1.5em&#8221; text_orientation=&#8221;center&#8221; background_layout=&#8221;dark&#8221; max_width=&#8221;700px&#8221; module_alignment=&#8221;center&#8221; custom_margin=&#8221;||0px|&#8221; header_2_font_size_tablet=&#8221;&#8221; header_2_font_size_phone=&#8221;&#8221; header_2_font_size_last_edited=&#8221;on|desktop&#8221; header_3_font_size_tablet=&#8221;60px&#8221; header_3_font_size_phone=&#8221;45px&#8221; header_3_font_size_last_edited=&#8221;on|phone&#8221; global_colors_info=&#8221;{}&#8221;]<\/p>\n<h2>Service complet pour porte de garage<\/h2>\n<h3>Satisfaction Garantie<\/h3>\n<p>[\/et_pb_text][\/et_pb_column][\/et_pb_row][et_pb_row admin_label=&#8221;CTA Row&#8221; _builder_version=&#8221;4.16&#8243; custom_padding=&#8221;|||&#8221; global_colors_info=&#8221;{}&#8221;][et_pb_column type=&#8221;4_4&#8243; _builder_version=&#8221;4.16&#8243; custom_padding=&#8221;|||&#8221; global_colors_info=&#8221;{}&#8221; custom_padding__hover=&#8221;|||&#8221;][et_pb_blurb title=&#8221;Appelez-nous&#8221; image=&#8221;https:\/\/www.portesararat.com\/wp-content\/uploads\/2019\/07\/Call_icon.png&#8221; admin_label=&#8221;CTA&#8221; _builder_version=&#8221;4.16&#8243; header_font=&#8221;Montserrat||||||||&#8221; header_text_color=&#8221;#a4bccb&#8221; header_font_size=&#8221;20px&#8221; header_line_height=&#8221;1.5em&#8221; body_font=&#8221;Montserrat|500|||||||&#8221; body_text_align=&#8221;center&#8221; body_font_size=&#8221;30px&#8221; text_orientation=&#8221;center&#8221; background_layout=&#8221;dark&#8221; animation=&#8221;off&#8221; link_option_url=&#8221;tel:5143250550&#8243; global_colors_info=&#8221;{}&#8221;]<\/p>\n<p><a href=\"tel:5143250550\"><span>(514) 325-0550<\/span><\/a><\/p>\n<p>ou<\/p>\n<p>[\/et_pb_blurb][et_pb_button button_url=&#8221;https:\/\/www.portesararat.com\/en\/contact-us\/&#8221; button_text=&#8221;Soumission gratuite  en ligne&#8221; button_alignment=&#8221;center&#8221; admin_label=&#8221;CTA Button&#8221; _builder_version=&#8221;4.16&#8243; custom_button=&#8221;on&#8221; button_text_size=&#8221;14px&#8221; button_text_color=&#8221;#ffffff&#8221; button_bg_color=&#8221;#0c71c3&#8243; button_border_width=&#8221;12px&#8221; button_border_color=&#8221;#0c71c3&#8243; button_border_radius=&#8221;2px&#8221; button_letter_spacing=&#8221;0px&#8221; button_font=&#8221;Montserrat|700||on|||||&#8221; custom_margin=&#8221;30px|||&#8221; custom_padding=&#8221;|||&#8221; button_border_radius_hover=&#8221;4px&#8221; locked=&#8221;off&#8221; global_colors_info=&#8221;{}&#8221; button_text_size__hover_enabled=&#8221;off&#8221; button_one_text_size__hover_enabled=&#8221;off&#8221; button_two_text_size__hover_enabled=&#8221;off&#8221; button_text_color__hover_enabled=&#8221;off&#8221; button_one_text_color__hover_enabled=&#8221;off&#8221; button_two_text_color__hover_enabled=&#8221;off&#8221; button_border_width__hover_enabled=&#8221;off&#8221; button_one_border_width__hover_enabled=&#8221;off&#8221; button_two_border_width__hover_enabled=&#8221;off&#8221; button_border_color__hover_enabled=&#8221;off&#8221; button_one_border_color__hover_enabled=&#8221;off&#8221; button_two_border_color__hover_enabled=&#8221;off&#8221; button_border_radius__hover_enabled=&#8221;on&#8221; button_border_radius__hover=&#8221;4px&#8221; button_one_border_radius__hover_enabled=&#8221;off&#8221; button_two_border_radius__hover_enabled=&#8221;off&#8221; button_letter_spacing__hover_enabled=&#8221;off&#8221; button_one_letter_spacing__hover_enabled=&#8221;off&#8221; button_two_letter_spacing__hover_enabled=&#8221;off&#8221; button_bg_color__hover_enabled=&#8221;off&#8221; button_one_bg_color__hover_enabled=&#8221;off&#8221; button_two_bg_color__hover_enabled=&#8221;off&#8221;][\/et_pb_button][\/et_pb_column][\/et_pb_row][\/et_pb_section]<\/p>\n","protected":false},"excerpt":{"rendered":"<p>EXPERT EN PORTE PASSAGELeadership dans l&#8217;industrieMise \u00e0 part notre expertise dans le domaine des portes de garage, nous sommes sp\u00e9cialis\u00e9s dans un aspect tr\u00e8s particulier dans notre domaine.Une porte passage facilitera grandement l&#8217;acc\u00e8s \u00e0 votre garage. Elle peut \u00eatre install\u00e9e sur une porte existante ou sur une nouvelle porte de garage.\u00a0 C&#8217;est une \u00e9conomie en [&hellip;]<\/p>\n","protected":false},"author":3,"featured_media":0,"parent":0,"menu_order":0,"comment_status":"closed","ping_status":"closed","template":"","meta":{"_et_pb_use_builder":"on","_et_pb_old_content":"","_et_gb_content_width":""},"_links":{"self":[{"href":"https:\/\/www.portesararat.com\/en\/wp-json\/wp\/v2\/pages\/346"}],"collection":[{"href":"https:\/\/www.portesararat.com\/en\/wp-json\/wp\/v2\/pages"}],"about":[{"href":"https:\/\/www.portesararat.com\/en\/wp-json\/wp\/v2\/types\/page"}],"author":[{"embeddable":true,"href":"https:\/\/www.portesararat.com\/en\/wp-json\/wp\/v2\/users\/3"}],"replies":[{"embeddable":true,"href":"https:\/\/www.portesararat.com\/en\/wp-json\/wp\/v2\/comments?post=346"}],"version-history":[{"count":18,"href":"https:\/\/www.portesararat.com\/en\/wp-json\/wp\/v2\/pages\/346\/revisions"}],"predecessor-version":[{"id":1487,"href":"https:\/\/www.portesararat.com\/en\/wp-json\/wp\/v2\/pages\/346\/revisions\/1487"}],"wp:attachment":[{"href":"https:\/\/www.portesararat.com\/en\/wp-json\/wp\/v2\/media?parent=346"}],"curies":[{"name":"wp","href":"https:\/\/api.w.org\/{rel}","templated":true}]}}